{"id":231,"date":"2025-06-12T11:10:43","date_gmt":"2025-06-12T09:10:43","guid":{"rendered":"https:\/\/cdtir34.fr\/wp\/?p=231"},"modified":"2026-04-12T08:45:17","modified_gmt":"2026-04-12T06:45:17","slug":"bienvenue","status":"publish","type":"page","link":"https:\/\/cdtir34.fr\/wp\/","title":{"rendered":"Bienvenue&#8230;"},"content":{"rendered":"<div class=\"wp-block-image\">\n<figure class=\"aligncenter size-full is-resized\"><img loading=\"lazy\" decoding=\"async\" width=\"812\" height=\"100\" src=\"https:\/\/cdtir34.fr\/wp\/wp-content\/uploads\/2025\/06\/cropped-bandeauLogos.jpg\" alt=\"\" class=\"wp-image-113\" style=\"width:880px;height:auto\" srcset=\"https:\/\/cdtir34.fr\/wp\/wp-content\/uploads\/2025\/06\/cropped-bandeauLogos.jpg 812w, https:\/\/cdtir34.fr\/wp\/wp-content\/uploads\/2025\/06\/cropped-bandeauLogos-300x37.jpg 300w, https:\/\/cdtir34.fr\/wp\/wp-content\/uploads\/2025\/06\/cropped-bandeauLogos-768x95.jpg 768w\" sizes=\"auto, (max-width: 812px) 100vw, 812px\" \/><\/figure>\n<\/div>\n\n\n<p><strong>Sur le site du Comit\u00e9 D\u00e9partemental de Tir de l&rsquo;H\u00e9rault<\/strong><\/p>\n\n\n\n<p>Derni\u00e8re mise \u00e0 jour : 12 avril 2026<\/p>\n\n\n\n<figure class=\"wp-block-image size-large\"><img loading=\"lazy\" decoding=\"async\" width=\"719\" height=\"1024\" src=\"https:\/\/cdtir34.fr\/wp\/wp-content\/uploads\/2026\/04\/Affiche-CdF-EdT-719x1024.jpeg\" alt=\"\" class=\"wp-image-1030\" srcset=\"https:\/\/cdtir34.fr\/wp\/wp-content\/uploads\/2026\/04\/Affiche-CdF-EdT-719x1024.jpeg 719w, https:\/\/cdtir34.fr\/wp\/wp-content\/uploads\/2026\/04\/Affiche-CdF-EdT-211x300.jpeg 211w, https:\/\/cdtir34.fr\/wp\/wp-content\/uploads\/2026\/04\/Affiche-CdF-EdT-768x1093.jpeg 768w, https:\/\/cdtir34.fr\/wp\/wp-content\/uploads\/2026\/04\/Affiche-CdF-EdT.jpeg 843w\" sizes=\"auto, (max-width: 719px) 100vw, 719px\" \/><\/figure>\n\n\n\n<p><strong>Connection \u00e0 <a href=\"https:\/\/isis.fftir.org\">ISIS WEB<\/a><\/strong><\/p>\n\n\n\n<p><strong>Derniers \u00e9l\u00e9ments mis \u00e0 jour<\/strong> :<\/p>\n\n\n\n<p><a href=\"https:\/\/cdtir34.fr\/wp\/wp-content\/uploads\/2026\/03\/palmares-MLAIC-2026.pdf\">R\u00e9sultats championnat d\u00e9partemental MLAIC<\/a> (individuel et par \u00e9quipe)<\/p>\n\n\n\n<p><a href=\"https:\/\/cdtir34.fr\/wp\/wp-content\/uploads\/2026\/03\/Circulaire-25-50M-2026.pdf\">Circulaire championnat d\u00e9partemental 25\/50 m<\/a><\/p>\n\n\n\n<p><a href=\"https:\/\/cdtir34.fr\/wp\/wp-content\/uploads\/2026\/03\/Interdepartemental-S.M.-22-2026.pdf\">Circulaire championnat interd\u00e9partemental S.M. armes de poing petit calibre<\/a><\/p>\n\n\n\n<p><\/p>\n\n\n\n<p><\/p>\n\n\n\n<p><\/p>\n\n\n\n<p><\/p>\n","protected":false},"excerpt":{"rendered":"<p>Sur le site du Comit\u00e9 D\u00e9partemental de Tir de l&rsquo;H\u00e9rault Derni\u00e8re mise \u00e0 jour : 12 avril 2026 Connection \u00e0<\/p>\n","protected":false},"author":1,"featured_media":0,"parent":0,"menu_order":0,"comment_status":"closed","ping_status":"open","template":"","meta":{"footnotes":""},"class_list":["post-231","page","type-page","status-publish","hentry","comments-off"],"_links":{"self":[{"href":"https:\/\/cdtir34.fr\/wp\/wp-json\/wp\/v2\/pages\/231","targetHints":{"allow":["GET"]}}],"collection":[{"href":"https:\/\/cdtir34.fr\/wp\/wp-json\/wp\/v2\/pages"}],"about":[{"href":"https:\/\/cdtir34.fr\/wp\/wp-json\/wp\/v2\/types\/page"}],"author":[{"embeddable":true,"href":"https:\/\/cdtir34.fr\/wp\/wp-json\/wp\/v2\/users\/1"}],"replies":[{"embeddable":true,"href":"https:\/\/cdtir34.fr\/wp\/wp-json\/wp\/v2\/comments?post=231"}],"version-history":[{"count":102,"href":"https:\/\/cdtir34.fr\/wp\/wp-json\/wp\/v2\/pages\/231\/revisions"}],"predecessor-version":[{"id":1060,"href":"https:\/\/cdtir34.fr\/wp\/wp-json\/wp\/v2\/pages\/231\/revisions\/1060"}],"wp:attachment":[{"href":"https:\/\/cdtir34.fr\/wp\/wp-json\/wp\/v2\/media?parent=231"}],"curies":[{"name":"wp","href":"https:\/\/api.w.org\/{rel}","templated":true}]}}